{"id":2,"date":"2020-04-15T09:20:38","date_gmt":"2020-04-15T09:20:38","guid":{"rendered":"https:\/\/www.mabeko-gmbh.de\/?page_id=2"},"modified":"2020-04-29T13:21:56","modified_gmt":"2020-04-29T13:21:56","slug":"sample-page","status":"publish","type":"page","link":"https:\/\/www.mabeko-gmbh.de\/","title":{"rendered":"Homepage"},"content":{"rendered":"<p><section data-kc-fullwidth=\"content\" class=\"kc-elm kc-css-914867 kc_row\"><div class=\"kc-row-container\"><div class=\"kc-wrap-columns\"><div class=\"kc-elm kc-css-195345 kc_col-sm-12 kc_column kc_col-sm-12 slide-padding\"><div class=\"kc-col-container\"><\/div><\/div><\/div><\/div><\/section><section class=\"kc-elm kc-css-107811 kc_row\"><div class=\"kc-row-container  kc-container\"><div class=\"kc-wrap-columns\"><div class=\"kc-elm kc-css-322209 kc_col-sm-5 kc_column kc_col-sm-5\"><div class=\"kc-col-container\"><div class=\"kc-elm kc-css-709744 kc_text_block\"><\/p>\n<h1>\u00dcber unser\u00a0Unternehmen!<\/h1>\n<p>\n<\/div>\n<div class=\"kc-elm kc-css-457907\">\n\t<a class=\"kc_button\" href=\"https:\/\/www.mabeko-gmbh.de\/index.php\/ueber-uns\/\" target=\"_self\" title=\"\u00dcber uns\" onclick=\"\">\n\t\tZeige mehr\t<\/a>\n<\/div>\n<\/div><\/div><div class=\"kc-elm kc-css-464854 kc_col-of-5 kc_column kc_col-of-5\"><div class=\"kc-col-container\"><div class=\"kc-elm kc-css-443682 kc_row kc_row_inner\"><div class=\"kc-elm kc-css-659329 kc_col-sm-12 kc_column_inner kc_col-sm-12\"><div class=\"kc_wrapper kc-col-inner-container\">\n<div class=\"kc-elm kc-css-400231 kc-title-wrap \">\n\n\t<h6 class=\"kc_title\">Markierung<\/h6>\n<\/div>\n<div class=\"kc-elm kc-css-113945 kc_text_block\"><\/p>\n<p>Sample Text<\/p>\n<p>\n<\/div><\/div><\/div><\/div><\/div><\/div><div class=\"kc-elm kc-css-333790 kc_col-of-5 kc_column kc_col-of-5\"><div class=\"kc-col-container\"><div class=\"kc-elm kc-css-757398 kc_row kc_row_inner\"><div class=\"kc-elm kc-css-987617 kc_col-sm-12 kc_column_inner kc_col-sm-12\"><div class=\"kc_wrapper kc-col-inner-container\">\n<div class=\"kc-elm kc-css-820031 kc-title-wrap \">\n\n\t<h6 class=\"kc_title\">Beschichtung<\/h6>\n<\/div>\n<div class=\"kc-elm kc-css-514428 kc_text_block\"><\/p>\n<p>Sample Text<\/p>\n<p>\n<\/div><\/div><\/div><\/div><\/div><\/div><div class=\"kc-elm kc-css-5459 kc_col-of-5 kc_column kc_col-of-5\"><div class=\"kc-col-container\"><div class=\"kc-elm kc-css-909214 kc_row kc_row_inner\"><div class=\"kc-elm kc-css-971551 kc_col-sm-12 kc_column_inner kc_col-sm-12\"><div class=\"kc_wrapper kc-col-inner-container\">\n<div class=\"kc-elm kc-css-721172 kc-title-wrap \">\n\n\t<h6 class=\"kc_title\">Korrosionsschutz<\/h6>\n<\/div>\n<div class=\"kc-elm kc-css-337259 kc_text_block\"><\/p>\n<p>Sample Text<\/p>\n<p>\n<\/div><\/div><\/div><\/div><\/div><\/div><\/div><\/div><\/section><section class=\"kc-elm kc-css-100154 kc_row\"><div class=\"kc-row-container  kc-container\"><div class=\"kc-wrap-columns\"><div class=\"kc-elm kc-css-493114 kc_col-sm-12 kc_column kc_col-sm-12\"><div class=\"kc-col-container\"><div class=\"kc-elm kc-css-45906 kc_row kc_row_inner\"><div class=\"kc-elm kc-css-340765 kc_col-sm-6 kc_column_inner kc_col-sm-6\"><div class=\"kc_wrapper kc-col-inner-container\">\n<div class=\"kc-elm kc-css-156461 kc-title-wrap \">\n\n\t<h3 class=\"kc_title\">Unsere Dienstleistungen<\/h3>\n<\/div>\n<\/div><\/div><div class=\"kc-elm kc-css-452115 kc_col-sm-6 kc_column_inner kc_col-sm-6\"><div class=\"kc_wrapper kc-col-inner-container\"><div class=\"kc-elm kc-css-750146 kc_text_block\"><\/p>\n<p>Markierung, Beschichtung und Korrosionsschutz, daf\u00fcr steht die MABEKO GmbH<\/p>\n<p>\n<\/div><\/div><\/div><\/div><div class=\"kc-elm kc-css-105510 kc_row kc_row_inner\"><div class=\"kc-elm kc-css-562142 kc_col-sm-4 kc_column_inner kc_col-sm-4\"><div class=\"kc_wrapper kc-col-inner-container\"><div class=\"kc-elm kc-css-970271 kc_shortcode kc_single_image\">\n\n        <a  href=\"https:\/\/www.mabeko-gmbh.de\/index.php\/markierung\/\" title=\"Markierung\" target=\"_self\">\n        <img decoding=\"async\" src=\"https:\/\/www.mabeko-gmbh.de\/wp-content\/uploads\/2020\/04\/Markierung_3.jpg\" class=\"\" alt=\"\" \/>    <\/a>\n    <\/div>\n<div class=\"kc-elm kc-css-216585 kc_text_block\"><\/p>\n<p>Markierung<\/p>\n<p>\n<\/div><\/div><\/div><div class=\"kc-elm kc-css-117857 kc_col-sm-4 kc_column_inner kc_col-sm-4\"><div class=\"kc_wrapper kc-col-inner-container\"><div class=\"kc-elm kc-css-852772 kc_shortcode kc_single_image\">\n\n        <a  href=\"https:\/\/www.mabeko-gmbh.de\/index.php\/beschichtung\/\" title=\"Beschichtung\" target=\"_self\">\n        <img decoding=\"async\" src=\"https:\/\/www.mabeko-gmbh.de\/wp-content\/uploads\/2020\/04\/Beschichtung_2.jpg\" class=\"\" alt=\"\" \/>    <\/a>\n    <\/div>\n<div class=\"kc-elm kc-css-904736 kc_text_block\"><\/p>\n<p>Beschichtung<\/p>\n<p>\n<\/div><\/div><\/div><div class=\"kc-elm kc-css-65987 kc_col-sm-4 kc_column_inner kc_col-sm-4\"><div class=\"kc_wrapper kc-col-inner-container\"><div class=\"kc-elm kc-css-106801 kc_shortcode kc_single_image\">\n\n        <a  href=\"https:\/\/www.mabeko-gmbh.de\/index.php\/korrosionsschutz\/\" title=\"Korrosionsschutz\" target=\"_self\">\n        <img decoding=\"async\" src=\"https:\/\/www.mabeko-gmbh.de\/wp-content\/uploads\/2020\/04\/Korrosion_3.jpg\" class=\"\" alt=\"\" \/>    <\/a>\n    <\/div>\n<div class=\"kc-elm kc-css-161965 kc_text_block\"><\/p>\n<p>Korrosionsschutz<\/p>\n<p>\n<\/div><\/div><\/div><\/div><\/div><\/div><\/div><\/div><\/section><section data-kc-fullwidth=\"row\" class=\"kc-elm kc-css-719786 kc_row\"><div class=\"kc-row-container  kc-container\"><div class=\"kc-wrap-columns\"><div class=\"kc-elm kc-css-196317 kc_col-sm-12 kc_column kc_col-sm-12\"><div class=\"kc-col-container\"><div class=\"kc-elm kc-css-713007 kc_row kc_row_inner\"><div class=\"kc-elm kc-css-980206 kc_col-sm-6 kc_column_inner kc_col-sm-6\"><div class=\"kc_wrapper kc-col-inner-container\">\n<div class=\"kc-elm kc-css-473135 kc-title-wrap \">\n\n\t<h2 class=\"kc_title\">Unsere Projekte<\/h2>\n<\/div>\n<\/div><\/div><div class=\"kc-elm kc-css-427484 kc_col-sm-6 kc_column_inner kc_col-sm-6\"><div class=\"kc_wrapper kc-col-inner-container\">\n<div class=\"kc-elm kc-css-821948\">\n\t<a class=\"kc_button\" href=\"#\" onclick=\"\">\n\t\tMehr News\t<\/a>\n<\/div>\n<\/div><\/div><\/div><div class=\"kc-elm kc-css-515067 kc_row kc_row_inner\"><div class=\"kc-elm kc-css-404272 kc_col-sm-12 kc_column_inner kc_col-sm-12\"><div class=\"kc_wrapper kc-col-inner-container\">\n<div class=\"kc-elm kc-css-775140 kc-blog-posts kc-blog-posts-3 kc-blog-grid kc_blog_masonry kc-image-align-both\">\n\t\n\t\t\n\t\t\t\t<div class=\"post-grid grid-3\">\n\t\t\t\t\t<div class=\"kc-list-item-3\">\n\t\t\t\t\t\t\t\t\t\t\t\t\t<a href=\"https:\/\/www.mabeko-gmbh.de\/index.php\/2020\/05\/13\/beschichtung-mit-bitumen\/\" class=\"entry-thumb-link\">\n\t\t\t\t\t\t\t\t<div class=\"entry-thumb-wrapper\">\n\t\t\t\t\t\t\t\t\t<img decoding=\"async\" src=\"https:\/\/www.mabeko-gmbh.de\/wp-content\/uploads\/2020\/05\/Unbenannt.jpg\"\n\t\t\t\t\t\t\t\t\t     alt=\"Beschichtung mit Bitumen\"\/>\n\t\t\t\t\t\t\t\t\t<div class=\"entry-thumb-overlay\"><\/div>\n\t\t\t\t\t\t\t\t<\/div>\n\t\t\t\t\t\t\t<\/a>\n\t\t\t\t\t\t\t\t\t\t\t\t<div class=\"content\">\n\t\t\t\t\t\t\t<h2 class=\"post-title-alt\"><a\n\t\t\t\t\t\t\t\thref=\"https:\/\/www.mabeko-gmbh.de\/index.php\/2020\/05\/13\/beschichtung-mit-bitumen\/\">Beschichtung mit Bitumen<\/a>\n\t\t\t\t\t\t\t<\/h2>\n\t\t\t\t\t\t\t\t\t\t\t\t\t\t\t<div class=\"entry-meta\">\n\t\t\t\t\t\t\t\t\t\t\t\t\t\t\t\t\t\t\t\t\t\t\t\t\t\t\t<span class=\"entry-date\"><a\n\t\t\t\t\t\t\t\t\t\t\thref=\"https:\/\/www.mabeko-gmbh.de\/index.php\/2020\/05\/13\/beschichtung-mit-bitumen\/\">Mai 13, 2020<\/a><\/span>\n\t\t\t\t\t\t\t\t\t\t\t\t\t\t\t\t\t\t\t\t\t\t\t\t\t\t\t\t\t\t\t\t\t\t\t\t\t\t\t<span class=\"entry-cats\"><a href=\"https:\/\/www.mabeko-gmbh.de\/index.php\/category\/uncategorized\/\" rel=\"category tag\">Uncategorized<\/a><\/span>\n\t\t\t\t\t\t\t\t\t\t\t\t\t\t\t\t\t\t\t\t\t\t\t\t\t\t\t<\/div>\n\t\t\t\t\t\t\t\t\t\t\t\t\t\t\t\t\t\t\t\t\t\t<div class=\"entry-excerpt\">\n\t\t\t\t\t\t\t\t\t<p>Heute waren wir wieder im Einsatz. Dieses Mal haben wir mit Bitumen gearbeitet und W\u00e4nde beschichtet. Im Video zeigen wir,&hellip;<\/p>\n\t\t\t\t\t\t\t\t<\/div>\n\t\t\t\t\t\t\t\t\t\t\t\t\t\t<a href=\"https:\/\/www.mabeko-gmbh.de\/index.php\/2020\/05\/13\/beschichtung-mit-bitumen\/\"\n\t\t\t\t\t\t\t   class=\"kc-post-2-button\">Zeige mehr <i\n\t\t\t\t\t\t\t\t\tclass=\"fa fa-angle-right\" aria-hidden=\"true\"><\/i><\/a>\n\t\t\t\t\t\t\t\t\t\t\t\t\t<\/div>\n\t\t\t\t\t<\/div>\n\t\t\t\t<\/div>\n\n\t\t\t\t\n\t\t\t\t<div class=\"post-grid grid-3\">\n\t\t\t\t\t<div class=\"kc-list-item-3\">\n\t\t\t\t\t\t\t\t\t\t\t\t\t<a href=\"https:\/\/www.mabeko-gmbh.de\/index.php\/2020\/05\/07\/beschichtung-eines-fahrsilos\/\" class=\"entry-thumb-link\">\n\t\t\t\t\t\t\t\t<div class=\"entry-thumb-wrapper\">\n\t\t\t\t\t\t\t\t\t<img decoding=\"async\" src=\"https:\/\/www.mabeko-gmbh.de\/wp-content\/uploads\/2020\/05\/IMG-20200507-WA0008.jpg\"\n\t\t\t\t\t\t\t\t\t     alt=\"Beschichtung eines Fahrsilos\"\/>\n\t\t\t\t\t\t\t\t\t<div class=\"entry-thumb-overlay\"><\/div>\n\t\t\t\t\t\t\t\t<\/div>\n\t\t\t\t\t\t\t<\/a>\n\t\t\t\t\t\t\t\t\t\t\t\t<div class=\"content\">\n\t\t\t\t\t\t\t<h2 class=\"post-title-alt\"><a\n\t\t\t\t\t\t\t\thref=\"https:\/\/www.mabeko-gmbh.de\/index.php\/2020\/05\/07\/beschichtung-eines-fahrsilos\/\">Beschichtung eines Fahrsilos<\/a>\n\t\t\t\t\t\t\t<\/h2>\n\t\t\t\t\t\t\t\t\t\t\t\t\t\t\t<div class=\"entry-meta\">\n\t\t\t\t\t\t\t\t\t\t\t\t\t\t\t\t\t\t\t\t\t\t\t\t\t\t\t<span class=\"entry-date\"><a\n\t\t\t\t\t\t\t\t\t\t\thref=\"https:\/\/www.mabeko-gmbh.de\/index.php\/2020\/05\/07\/beschichtung-eines-fahrsilos\/\">Mai 07, 2020<\/a><\/span>\n\t\t\t\t\t\t\t\t\t\t\t\t\t\t\t\t\t\t\t\t\t\t\t\t\t\t\t\t\t\t\t\t\t\t\t\t\t\t\t<span class=\"entry-cats\"><a href=\"https:\/\/www.mabeko-gmbh.de\/index.php\/category\/silobeschichtung\/\" rel=\"category tag\">Silobeschichtung<\/a><\/span>\n\t\t\t\t\t\t\t\t\t\t\t\t\t\t\t\t\t\t\t\t\t\t\t\t\t\t\t<\/div>\n\t\t\t\t\t\t\t\t\t\t\t\t\t\t\t\t\t\t\t\t\t\t<div class=\"entry-excerpt\">\n\t\t\t\t\t\t\t\t\t<p>Heute haben wir das Fahrsilo eines Biogas-Produzenten besichtigt, um die folgenden Arbeiten dieses Projektes mit dem Betreiber zu besprechen. Das&hellip;<\/p>\n\t\t\t\t\t\t\t\t<\/div>\n\t\t\t\t\t\t\t\t\t\t\t\t\t\t<a href=\"https:\/\/www.mabeko-gmbh.de\/index.php\/2020\/05\/07\/beschichtung-eines-fahrsilos\/\"\n\t\t\t\t\t\t\t   class=\"kc-post-2-button\">Zeige mehr <i\n\t\t\t\t\t\t\t\t\tclass=\"fa fa-angle-right\" aria-hidden=\"true\"><\/i><\/a>\n\t\t\t\t\t\t\t\t\t\t\t\t\t<\/div>\n\t\t\t\t\t<\/div>\n\t\t\t\t<\/div>\n\n\t\t\t\t\n\t\t\t\t<div class=\"post-grid grid-3\">\n\t\t\t\t\t<div class=\"kc-list-item-3\">\n\t\t\t\t\t\t\t\t\t\t\t\t\t<a href=\"https:\/\/www.mabeko-gmbh.de\/index.php\/2020\/04\/26\/was-kostet-parkplatzmarkierung\/\" class=\"entry-thumb-link\">\n\t\t\t\t\t\t\t\t<div class=\"entry-thumb-wrapper\">\n\t\t\t\t\t\t\t\t\t<img decoding=\"async\" src=\"https:\/\/www.mabeko-gmbh.de\/wp-content\/uploads\/2020\/04\/Markierung_1.jpg\"\n\t\t\t\t\t\t\t\t\t     alt=\"Was kostet Parkplatzmarkierung?\"\/>\n\t\t\t\t\t\t\t\t\t<div class=\"entry-thumb-overlay\"><\/div>\n\t\t\t\t\t\t\t\t<\/div>\n\t\t\t\t\t\t\t<\/a>\n\t\t\t\t\t\t\t\t\t\t\t\t<div class=\"content\">\n\t\t\t\t\t\t\t<h2 class=\"post-title-alt\"><a\n\t\t\t\t\t\t\t\thref=\"https:\/\/www.mabeko-gmbh.de\/index.php\/2020\/04\/26\/was-kostet-parkplatzmarkierung\/\">Was kostet Parkplatzmarkierung?<\/a>\n\t\t\t\t\t\t\t<\/h2>\n\t\t\t\t\t\t\t\t\t\t\t\t\t\t\t<div class=\"entry-meta\">\n\t\t\t\t\t\t\t\t\t\t\t\t\t\t\t\t\t\t\t\t\t\t\t\t\t\t\t<span class=\"entry-date\"><a\n\t\t\t\t\t\t\t\t\t\t\thref=\"https:\/\/www.mabeko-gmbh.de\/index.php\/2020\/04\/26\/was-kostet-parkplatzmarkierung\/\">April 26, 2020<\/a><\/span>\n\t\t\t\t\t\t\t\t\t\t\t\t\t\t\t\t\t\t\t\t\t\t\t\t\t\t\t\t\t\t\t\t\t\t\t\t\t\t\t<span class=\"entry-cats\"><a href=\"https:\/\/www.mabeko-gmbh.de\/index.php\/category\/parkplatzmarkierung\/\" rel=\"category tag\">Parkplatzmarkierung<\/a><\/span>\n\t\t\t\t\t\t\t\t\t\t\t\t\t\t\t\t\t\t\t\t\t\t\t\t\t\t\t<\/div>\n\t\t\t\t\t\t\t\t\t\t\t\t\t\t\t\t\t\t\t\t\t\t<div class=\"entry-excerpt\">\n\t\t\t\t\t\t\t\t\t<p>Kosten und Preis f\u00fcr die Parkplatzmarkierung Die Kalkulation f\u00fcr die professionelle Markierung eines Parkplatzes h\u00e4ngt von verschiedenen Faktoren ab, die&hellip;<\/p>\n\t\t\t\t\t\t\t\t<\/div>\n\t\t\t\t\t\t\t\t\t\t\t\t\t\t<a href=\"https:\/\/www.mabeko-gmbh.de\/index.php\/2020\/04\/26\/was-kostet-parkplatzmarkierung\/\"\n\t\t\t\t\t\t\t   class=\"kc-post-2-button\">Zeige mehr <i\n\t\t\t\t\t\t\t\t\tclass=\"fa fa-angle-right\" aria-hidden=\"true\"><\/i><\/a>\n\t\t\t\t\t\t\t\t\t\t\t\t\t<\/div>\n\t\t\t\t\t<\/div>\n\t\t\t\t<\/div>\n\n\t\t\t\t\n\t\n<\/div>\n<\/div><\/div><\/div><\/div><\/div><\/div><\/div><\/section><\/p>\n","protected":false},"excerpt":{"rendered":"","protected":false},"author":1,"featured_media":0,"parent":0,"menu_order":0,"comment_status":"closed","ping_status":"closed","template":"","meta":{"footnotes":""},"class_list":["post-2","page","type-page","status-publish","hentry"],"_links":{"self":[{"href":"https:\/\/www.mabeko-gmbh.de\/index.php\/wp-json\/wp\/v2\/pages\/2","targetHints":{"allow":["GET"]}}],"collection":[{"href":"https:\/\/www.mabeko-gmbh.de\/index.php\/wp-json\/wp\/v2\/pages"}],"about":[{"href":"https:\/\/www.mabeko-gmbh.de\/index.php\/wp-json\/wp\/v2\/types\/page"}],"author":[{"embeddable":true,"href":"https:\/\/www.mabeko-gmbh.de\/index.php\/wp-json\/wp\/v2\/users\/1"}],"replies":[{"embeddable":true,"href":"https:\/\/www.mabeko-gmbh.de\/index.php\/wp-json\/wp\/v2\/comments?post=2"}],"version-history":[{"count":62,"href":"https:\/\/www.mabeko-gmbh.de\/index.php\/wp-json\/wp\/v2\/pages\/2\/revisions"}],"predecessor-version":[{"id":384,"href":"https:\/\/www.mabeko-gmbh.de\/index.php\/wp-json\/wp\/v2\/pages\/2\/revisions\/384"}],"wp:attachment":[{"href":"https:\/\/www.mabeko-gmbh.de\/index.php\/wp-json\/wp\/v2\/media?parent=2"}],"curies":[{"name":"wp","href":"https:\/\/api.w.org\/{rel}","templated":true}]}}