{"id":42,"date":"2020-04-20T11:56:30","date_gmt":"2020-04-20T11:56:30","guid":{"rendered":"https:\/\/www.mabeko-gmbh.de\/?page_id=42"},"modified":"2020-04-20T20:23:54","modified_gmt":"2020-04-20T20:23:54","slug":"ueber-uns","status":"publish","type":"page","link":"https:\/\/www.mabeko-gmbh.de\/index.php\/ueber-uns\/","title":{"rendered":"\u00dcber uns"},"content":{"rendered":"<section class=\"kc-elm kc-css-309832 kc_row\"><div class=\"kc-row-container  kc-container\"><div class=\"kc-wrap-columns\"><div class=\"kc-elm kc-css-163396 kc_col-sm-12 kc_column kc_col-sm-12\"><div class=\"kc-col-container\"><div class=\"kc-elm kc-css-87368 kc_text_block\"><\/p>\n<p>Die Firma MABEKO GmbH bietet Dienstleistung rund um die professionelle Markierung von Parkpl\u00e4tzen, Tiefgaragen und Lagerhallen. Mit unserem geschulten Team garantieren wir die fachgerechte, qualitative und p\u00fcnktliche Ausf\u00fchrung der Markierarbeiten im gesamten Bundesgebiet. Die Umsetzung erfolgt durch den Einsatz hochmoderner und automatisierter Markiermaschinen der Firma Graco und die Nutzung hochwertiger Markierfarben (z. B. Basler und Swarko). So stimmen die Qualit\u00e4t und der Preis.<\/p>\n<p>Zudem werden Beschichtungsarbeiten im Bereich der Silo- und Bitumenbeschichtung sowie im Korrosionsschutz ausgef\u00fchrt.<\/p>\n<p>\n<\/div><\/div><\/div><\/div><\/div><\/section>\n","protected":false},"excerpt":{"rendered":"","protected":false},"author":2,"featured_media":0,"parent":0,"menu_order":0,"comment_status":"closed","ping_status":"closed","template":"","meta":{"footnotes":""},"class_list":["post-42","page","type-page","status-publish","hentry"],"_links":{"self":[{"href":"https:\/\/www.mabeko-gmbh.de\/index.php\/wp-json\/wp\/v2\/pages\/42","targetHints":{"allow":["GET"]}}],"collection":[{"href":"https:\/\/www.mabeko-gmbh.de\/index.php\/wp-json\/wp\/v2\/pages"}],"about":[{"href":"https:\/\/www.mabeko-gmbh.de\/index.php\/wp-json\/wp\/v2\/types\/page"}],"author":[{"embeddable":true,"href":"https:\/\/www.mabeko-gmbh.de\/index.php\/wp-json\/wp\/v2\/users\/2"}],"replies":[{"embeddable":true,"href":"https:\/\/www.mabeko-gmbh.de\/index.php\/wp-json\/wp\/v2\/comments?post=42"}],"version-history":[{"count":4,"href":"https:\/\/www.mabeko-gmbh.de\/index.php\/wp-json\/wp\/v2\/pages\/42\/revisions"}],"predecessor-version":[{"id":149,"href":"https:\/\/www.mabeko-gmbh.de\/index.php\/wp-json\/wp\/v2\/pages\/42\/revisions\/149"}],"wp:attachment":[{"href":"https:\/\/www.mabeko-gmbh.de\/index.php\/wp-json\/wp\/v2\/media?parent=42"}],"curies":[{"name":"wp","href":"https:\/\/api.w.org\/{rel}","templated":true}]}}