{"id":45,"date":"2020-04-20T11:56:45","date_gmt":"2020-04-20T11:56:45","guid":{"rendered":"https:\/\/www.mabeko-gmbh.de\/?page_id=45"},"modified":"2020-04-30T20:33:38","modified_gmt":"2020-04-30T20:33:38","slug":"markierung","status":"publish","type":"page","link":"https:\/\/www.mabeko-gmbh.de\/index.php\/markierung\/","title":{"rendered":"Markierung"},"content":{"rendered":"<section class=\"kc-elm kc-css-282507 kc_row\"><div class=\"kc-row-container  kc-container\"><div class=\"kc-wrap-columns\"><div class=\"kc-elm kc-css-293909 kc_col-sm-6 kc_column kc_col-sm-6\"><div class=\"kc-col-container\"><div class=\"kc-elm kc-css-979155 kc_text_block\"><\/p>\n<p>Unser Team bietet die bundesweite Ausf\u00fchrung von Markierarbeiten in der Parkplatz-, Boden- und Industriemarkierung. Besonderen Wert legen wir auf die qualitativ hochwertige und termingerechte Ausf\u00fchrung unserer Projekte in den folgenden Bereichen:<\/p>\n<ul>\n<li>Parkplatzmarkierung<\/li>\n<li>Bodenmarkierung<\/li>\n<li>Hallenmarkierung<\/li>\n<li>Industriemarkierung<\/li>\n<li>Tiefgaragen- und Parkhausmarkierung<\/li>\n<li>Stellplatzmarkierung<\/li>\n<li>Sportplatzmarkierung<\/li>\n<li>Demarkierung und Entfernung von Bodenmarkierungen<\/li>\n<\/ul>\n<p>Zur Markierung verwenden wir ausschlie\u00dflich hochwertige Materialien wie spezielle und dauerhafte Markierfarben der Hersteller Limburger Lackfabrik (Swarco) und Basler. Zudem verf\u00fcgen wir \u00fcber professionelle Parkplatz- und Bodenmarkiertechnik in unserem Maschinenpark und k\u00f6nnen so Projekte jeder Gr\u00f6\u00dfe fachgerecht, wirtschaftlich und zeitsparend ausf\u00fchren.<\/p>\n<p>\n<\/div><\/div><\/div><div class=\"kc-elm kc-css-405893 kc_col-sm-6 kc_column kc_col-sm-6\"><div class=\"kc-col-container\"><div class=\"kc-elm kc-css-343073\">\n\t<div class=\"kc-carousel_images kc-elm kc-css-343073\">\n\t\n\t\t<div class=\"kc-carousel-images owl-carousel-images kc-sync1 \" data-owl-i-options='{\"items\":\"1\",\"tablet\":\"1\",\"mobile\":\"1\",\"speed\":\"1500\",\"navigation\":\"\",\"pagination\":\"yes\",\"autoheight\":\"\",\"progressbar\":\"\",\"delay\":\"4\",\"autoplay\":\"yes\",\"showthumb\":\"\",\"num_thumb\":\"5\"}'>\n\t\n\t\t\t\t\t<div class=\"item\">\n\t\n\t\t\t\t\t\t\t<img decoding=\"async\" src=\"https:\/\/www.mabeko-gmbh.de\/wp-content\/uploads\/2020\/04\/Markierung_2-1024x683.jpg\"  alt=\"\"\/>\n\t\n\t\t\t\t\n\t\t\t<\/div>\n\t\n\t\t\t\t\t<div class=\"item\">\n\t\n\t\t\t\t\t\t\t<img decoding=\"async\" src=\"https:\/\/www.mabeko-gmbh.de\/wp-content\/uploads\/2020\/04\/Markierung_3-1024x679.jpg\"  alt=\"\"\/>\n\t\n\t\t\t\t\n\t\t\t<\/div>\n\t\n\t\t\t\t\t<div class=\"item\">\n\t\n\t\t\t\t\t\t\t<img decoding=\"async\" src=\"https:\/\/www.mabeko-gmbh.de\/wp-content\/uploads\/2020\/04\/Markierung_1-1024x683.jpg\"  alt=\"\"\/>\n\t\n\t\t\t\t\n\t\t\t<\/div>\n\t\n\t\t\t\n\t\t<\/div>\n\t\n\t\t\t<\/div>\n<\/div>\n<\/div><\/div><\/div><\/div><\/section>\n","protected":false},"excerpt":{"rendered":"","protected":false},"author":2,"featured_media":0,"parent":0,"menu_order":0,"comment_status":"closed","ping_status":"closed","template":"","meta":{"footnotes":""},"class_list":["post-45","page","type-page","status-publish","hentry"],"_links":{"self":[{"href":"https:\/\/www.mabeko-gmbh.de\/index.php\/wp-json\/wp\/v2\/pages\/45","targetHints":{"allow":["GET"]}}],"collection":[{"href":"https:\/\/www.mabeko-gmbh.de\/index.php\/wp-json\/wp\/v2\/pages"}],"about":[{"href":"https:\/\/www.mabeko-gmbh.de\/index.php\/wp-json\/wp\/v2\/types\/page"}],"author":[{"embeddable":true,"href":"https:\/\/www.mabeko-gmbh.de\/index.php\/wp-json\/wp\/v2\/users\/2"}],"replies":[{"embeddable":true,"href":"https:\/\/www.mabeko-gmbh.de\/index.php\/wp-json\/wp\/v2\/comments?post=45"}],"version-history":[{"count":37,"href":"https:\/\/www.mabeko-gmbh.de\/index.php\/wp-json\/wp\/v2\/pages\/45\/revisions"}],"predecessor-version":[{"id":391,"href":"https:\/\/www.mabeko-gmbh.de\/index.php\/wp-json\/wp\/v2\/pages\/45\/revisions\/391"}],"wp:attachment":[{"href":"https:\/\/www.mabeko-gmbh.de\/index.php\/wp-json\/wp\/v2\/media?parent=45"}],"curies":[{"name":"wp","href":"https:\/\/api.w.org\/{rel}","templated":true}]}}