{"id":47,"date":"2020-04-20T11:56:57","date_gmt":"2020-04-20T11:56:57","guid":{"rendered":"https:\/\/www.mabeko-gmbh.de\/?page_id=47"},"modified":"2020-04-24T18:35:19","modified_gmt":"2020-04-24T18:35:19","slug":"beschichtung","status":"publish","type":"page","link":"https:\/\/www.mabeko-gmbh.de\/index.php\/beschichtung\/","title":{"rendered":"Beschichtung"},"content":{"rendered":"<p><section class=\"kc-elm kc-css-484575 kc_row\"><div class=\"kc-row-container  kc-container\"><div class=\"kc-wrap-columns\"><div class=\"kc-elm kc-css-122016 kc_col-sm-12 kc_column kc_col-sm-12\"><div class=\"kc-col-container\"><\/div><\/div><\/div><\/div><\/section><section class=\"kc-elm kc-css-704178 kc_row\"><div class=\"kc-row-container  kc-container\"><div class=\"kc-wrap-columns\"><div class=\"kc-elm kc-css-564084 kc_col-sm-6 kc_column kc_col-sm-6\"><div class=\"kc-col-container\"><div class=\"kc-elm kc-css-153549 kc_text_block\"><\/p>\n<p class=\"MsoNormal\">Die Firma MABEKO GmbH bietet Spezialbeschichtungen mit hochwertiger Airless Farbspritztechnik. Zum Angebot geh\u00f6rt zum Beispiel das gro\u00dffl\u00e4chige Beschichten von Fahrsilos und Siloanlagen im landwirtschaftlichen Bereich mit Bitumen und hochviskosen Materialien, die Flachdachabdichtung und der Bauwerksschutz. Ebenfalls ausgef\u00fchrt werden Beschichtungen von St\u00e4llen und Stallanlagen mit Kalk und Kalkfarbe. Unsere geschulten Mitarbeiter nutzen moderne Hochdruck-Spritzger\u00e4te. Dabei wird die Beschichtung mit einem Druck von bis zu 230 bar auf die Oberfl\u00e4che aufgebracht. Unsere mobilen Teams sind bundesweit im Einsatz und f\u00fchren Beschichtungsarbeiten professionell, qualitativ und wirtschaftlich aus.<\/p>\n<p>\n<\/div><\/div><\/div><div class=\"kc-elm kc-css-952583 kc_col-sm-6 kc_column kc_col-sm-6\"><div class=\"kc-col-container\"><div class=\"kc-elm kc-css-328447\">\n\t<div class=\"kc-carousel_images kc-elm kc-css-328447\">\n\t\n\t\t<div class=\"kc-carousel-images owl-carousel-images kc-sync1 \" data-owl-i-options='{\"items\":\"1\",\"tablet\":\"1\",\"mobile\":\"1\",\"speed\":\"1500\",\"navigation\":\"\",\"pagination\":\"yes\",\"autoheight\":\"\",\"progressbar\":\"\",\"delay\":\"4\",\"autoplay\":\"yes\",\"showthumb\":\"\",\"num_thumb\":\"5\"}'>\n\t\n\t\t\t\t\t<div class=\"item\">\n\t\n\t\t\t\t\t\t\t<img decoding=\"async\" src=\"https:\/\/www.mabeko-gmbh.de\/wp-content\/uploads\/2020\/04\/Beschichtung_1-1024x683.jpg\"  alt=\"\"\/>\n\t\n\t\t\t\t\n\t\t\t<\/div>\n\t\n\t\t\t\t\t<div class=\"item\">\n\t\n\t\t\t\t\t\t\t<img decoding=\"async\" src=\"https:\/\/www.mabeko-gmbh.de\/wp-content\/uploads\/2020\/04\/Beschichtung_3-1024x683.jpg\"  alt=\"\"\/>\n\t\n\t\t\t\t\n\t\t\t<\/div>\n\t\n\t\t\t\t\t<div class=\"item\">\n\t\n\t\t\t\t\t\t\t<img decoding=\"async\" src=\"https:\/\/www.mabeko-gmbh.de\/wp-content\/uploads\/2020\/04\/Beschichtung_2-1024x683.jpg\"  alt=\"\"\/>\n\t\n\t\t\t\t\n\t\t\t<\/div>\n\t\n\t\t\t\n\t\t<\/div>\n\t\n\t\t\t<\/div>\n<\/div>\n<\/div><\/div><\/div><\/div><\/section><\/p>\n","protected":false},"excerpt":{"rendered":"","protected":false},"author":2,"featured_media":0,"parent":0,"menu_order":0,"comment_status":"closed","ping_status":"closed","template":"","meta":{"footnotes":""},"class_list":["post-47","page","type-page","status-publish","hentry"],"_links":{"self":[{"href":"https:\/\/www.mabeko-gmbh.de\/index.php\/wp-json\/wp\/v2\/pages\/47","targetHints":{"allow":["GET"]}}],"collection":[{"href":"https:\/\/www.mabeko-gmbh.de\/index.php\/wp-json\/wp\/v2\/pages"}],"about":[{"href":"https:\/\/www.mabeko-gmbh.de\/index.php\/wp-json\/wp\/v2\/types\/page"}],"author":[{"embeddable":true,"href":"https:\/\/www.mabeko-gmbh.de\/index.php\/wp-json\/wp\/v2\/users\/2"}],"replies":[{"embeddable":true,"href":"https:\/\/www.mabeko-gmbh.de\/index.php\/wp-json\/wp\/v2\/comments?post=47"}],"version-history":[{"count":9,"href":"https:\/\/www.mabeko-gmbh.de\/index.php\/wp-json\/wp\/v2\/pages\/47\/revisions"}],"predecessor-version":[{"id":213,"href":"https:\/\/www.mabeko-gmbh.de\/index.php\/wp-json\/wp\/v2\/pages\/47\/revisions\/213"}],"wp:attachment":[{"href":"https:\/\/www.mabeko-gmbh.de\/index.php\/wp-json\/wp\/v2\/media?parent=47"}],"curies":[{"name":"wp","href":"https:\/\/api.w.org\/{rel}","templated":true}]}}