{"id":49,"date":"2020-04-20T11:57:16","date_gmt":"2020-04-20T11:57:16","guid":{"rendered":"https:\/\/www.mabeko-gmbh.de\/?page_id=49"},"modified":"2020-04-27T10:16:32","modified_gmt":"2020-04-27T10:16:32","slug":"korrosionsschutz","status":"publish","type":"page","link":"https:\/\/www.mabeko-gmbh.de\/index.php\/korrosionsschutz\/","title":{"rendered":"Korrosionsschutz"},"content":{"rendered":"<section class=\"kc-elm kc-css-306120 kc_row\"><div class=\"kc-row-container  kc-container\"><div class=\"kc-wrap-columns\"><div class=\"kc-elm kc-css-232303 kc_col-sm-6 kc_column kc_col-sm-6\"><div class=\"kc-col-container\"><div class=\"kc-elm kc-css-577961 kc_text_block\"><\/p>\n<p>\nKorrosion wird als die \u201eReaktion eines metallischen Werkstoffs mit seiner Umgebung, die eine messbare Ver\u00e4nderung des Werkstoffs bewirkt (Korrosionserscheinung) und zur Beeintr\u00e4chtigung der Funktion eines Bauteiles oder eines ganzen Systems (Korrosionsschaden) f\u00fchren kann\u201c definiert (nach DIN EN ISO 8044).<\/p>\n<p>Die Firma MABEKO GmbH hat es sich zu Aufgabe gemacht Bauwerke und Objekte vor den Auswirkungen von Korrosionserscheinungen zu sch\u00fctzen und Korrosionssch\u00e4den zu beseitigen. Dazu setzt unser geschultes Team hochwertige Technik ein, um Projekte wirtschaftlich, aber auch qualitativ und hochwertig auszuf\u00fchren.<\/p>\n<p>\n<\/div><\/div><\/div><div class=\"kc-elm kc-css-488688 kc_col-sm-6 kc_column kc_col-sm-6\"><div class=\"kc-col-container\"><div class=\"kc-elm kc-css-165171\">\n\t<div class=\"kc-carousel_images kc-elm kc-css-165171\">\n\t\n\t\t<div class=\"kc-carousel-images owl-carousel-images kc-sync1 \" data-owl-i-options='{\"items\":\"1\",\"tablet\":\"1\",\"mobile\":\"1\",\"speed\":\"1500\",\"navigation\":\"\",\"pagination\":\"yes\",\"autoheight\":\"\",\"progressbar\":\"\",\"delay\":\"4\",\"autoplay\":\"yes\",\"showthumb\":\"\",\"num_thumb\":\"5\"}'>\n\t\n\t\t\t\t\t<div class=\"item\">\n\t\n\t\t\t\t\t\t\t<img decoding=\"async\" src=\"https:\/\/www.mabeko-gmbh.de\/wp-content\/uploads\/2020\/04\/Korrosion_3-1024x683.jpg\"  alt=\"\"\/>\n\t\n\t\t\t\t\n\t\t\t<\/div>\n\t\n\t\t\t\t\t<div class=\"item\">\n\t\n\t\t\t\t\t\t\t<img decoding=\"async\" src=\"https:\/\/www.mabeko-gmbh.de\/wp-content\/uploads\/2020\/04\/Korrosion_1-1024x683.jpg\"  alt=\"\"\/>\n\t\n\t\t\t\t\n\t\t\t<\/div>\n\t\n\t\t\t\t\t<div class=\"item\">\n\t\n\t\t\t\t\t\t\t<img decoding=\"async\" src=\"https:\/\/www.mabeko-gmbh.de\/wp-content\/uploads\/2020\/04\/Korrosion_2-1024x683.jpg\"  alt=\"\"\/>\n\t\n\t\t\t\t\n\t\t\t<\/div>\n\t\n\t\t\t\n\t\t<\/div>\n\t\n\t\t\t<\/div>\n<\/div>\n<\/div><\/div><\/div><\/div><\/section>\n","protected":false},"excerpt":{"rendered":"","protected":false},"author":2,"featured_media":0,"parent":0,"menu_order":0,"comment_status":"closed","ping_status":"closed","template":"","meta":{"footnotes":""},"class_list":["post-49","page","type-page","status-publish","hentry"],"_links":{"self":[{"href":"https:\/\/www.mabeko-gmbh.de\/index.php\/wp-json\/wp\/v2\/pages\/49","targetHints":{"allow":["GET"]}}],"collection":[{"href":"https:\/\/www.mabeko-gmbh.de\/index.php\/wp-json\/wp\/v2\/pages"}],"about":[{"href":"https:\/\/www.mabeko-gmbh.de\/index.php\/wp-json\/wp\/v2\/types\/page"}],"author":[{"embeddable":true,"href":"https:\/\/www.mabeko-gmbh.de\/index.php\/wp-json\/wp\/v2\/users\/2"}],"replies":[{"embeddable":true,"href":"https:\/\/www.mabeko-gmbh.de\/index.php\/wp-json\/wp\/v2\/comments?post=49"}],"version-history":[{"count":9,"href":"https:\/\/www.mabeko-gmbh.de\/index.php\/wp-json\/wp\/v2\/pages\/49\/revisions"}],"predecessor-version":[{"id":348,"href":"https:\/\/www.mabeko-gmbh.de\/index.php\/wp-json\/wp\/v2\/pages\/49\/revisions\/348"}],"wp:attachment":[{"href":"https:\/\/www.mabeko-gmbh.de\/index.php\/wp-json\/wp\/v2\/media?parent=49"}],"curies":[{"name":"wp","href":"https:\/\/api.w.org\/{rel}","templated":true}]}}